{"id":47,"date":"2024-08-29T07:04:15","date_gmt":"2024-08-29T05:04:15","guid":{"rendered":"https:\/\/englishwithpaulhoward.eu\/?page_id=47"},"modified":"2024-08-29T07:04:15","modified_gmt":"2024-08-29T05:04:15","slug":"protection-des-donnees","status":"publish","type":"page","link":"https:\/\/englishwithpaulhoward.eu\/index.php\/protection-des-donnees\/","title":{"rendered":"Protection des donn\u00e9es"},"content":{"rendered":"\n<p><strong>D\u00e9finitions<\/strong><\/p>\n\n\n\n<p>Donn\u00e9es \u00e0 caract\u00e8re personnel:<\/p>\n\n\n\n<p>Toute information se rapportant \u00e0 une personne physique identifi\u00e9e ou identifiable est r\u00e9put\u00e9e \u00eatre une \u00abpersonne physique identifiable\u00bb une personne physique qui peut \u00eatre identifi\u00e9e, directement ou indirectement, notamment par r\u00e9f\u00e9rence \u00e0 un identifiant, tel qu&#8217;un nom, un num\u00e9ro d&#8217;identification, des donn\u00e9es de localisation, un identifiant en ligne, ou \u00e0 un ou plusieurs \u00e9l\u00e9ments sp\u00e9cifiques.<\/p>\n\n\n\n<p><strong>Traitement:<\/strong>\u00a0<\/p>\n\n\n\n<p>Toute op\u00e9ration ou tout ensemble d&#8217;op\u00e9rations effectu\u00e9es ou non \u00e0 l&#8217;aide de proc\u00e9d\u00e9s automatis\u00e9s et appliqu\u00e9es \u00e0 des donn\u00e9es ou des ensembles de donn\u00e9es \u00e0 caract\u00e8re personnel, telles que la collecte, l&#8217;enregistrement, l&#8217;organisation, la structuration, la conservation, l&#8217;adaptation ou la modification, l&#8217;extraction, la consultation, l&#8217;utilisation, la communication par transmission, la diffusion ou toute autre forme de mise \u00e0 disposition, le rapprochement ou l&#8217;interconnexion, la limitation, l&#8217;effacement ou la destruction.<\/p>\n\n\n\n<p><strong>Pr\u00e9ambule<\/strong><\/p>\n\n\n\n<p>Dans le cadre des relations p\u00e9dagogiques, commerciales et contractuelles, je suis amen\u00e9e \u00e0 recueillir, stocker et traiter des informations concernant les gens qui me contactent pour les cours.&nbsp;<\/p>\n\n\n\n<p>La pr\u00e9sente charte a vocation \u00e0 vous d\u00e9tailler et \u00e0 vous renseigner sur la fa\u00e7on dont ces processus sont mis en \u0153uvre ainsi qu\u2019\u00e0 vous pr\u00e9ciser vos droits.<\/p>\n\n\n\n<p>Comment sont recueillies les donn\u00e9es personnelles ?<\/p>\n\n\n\n<p>Via nos \u00e9changes t\u00e9l\u00e9phoniques\/visio\/par mail lorsque nous communiquons ensemble sur votre projet d\u2019apprentissage des langues.<\/p>\n\n\n\n<p>Au cours de vos formations, par les contrats de formation, \u00e9changes p\u00e9dagogiques, r\u00e9servations de cr\u00e9neaux de cours.&nbsp;<\/p>\n\n\n\n<p>Par l&#8217;interm\u00e9diaire de mes pages sur les r\u00e9seaux sociaux comme Facebook ou Linkedin par exemple.<\/p>\n\n\n\n<p>Pas via les cookies. Mon site internet n&#8217;utilise que les cookies essentiels pour sa fonctionnement. Je ne vous piste pas. Je ne collecte pas de donn\u00e9es des personnes qui ne font que regarder le site.<\/p>\n\n\n\n<p><strong>De quelles donn\u00e9es s\u2019agit-il ?<\/strong><\/p>\n\n\n\n<p>Pour l\u2019essentiel, de donn\u00e9es d&#8217;identification : civilit\u00e9, pr\u00e9nom, nom, num\u00e9ro de t\u00e9l\u00e9phone, adresse mail et adresse g\u00e9ographique.<\/p>\n\n\n\n<p>S\u2019y ajoutent des informations concernant votre projet de formation linguistique : langue, objectif, niveau, contexte, formule de cours.<\/p>\n\n\n\n<p>De donn\u00e9es p\u00e9dagogique nous permettant la mise en place, la r\u00e9alisation et le suivi de votre formation : lieu du cours, dur\u00e9e, dates, rythme, description de la formation, retours quantitatifs et qualitatifs, \u00e9valuations de la progression, planification des s\u00e9ances, statut de la formation, ressources p\u00e9dagogiques utilis\u00e9s.<\/p>\n\n\n\n<p>De donn\u00e9es administratives et financi\u00e8res n\u00e9cessaires \u00e0 l\u2019achat et \u00e0 la gestion des cours: \u00e9l\u00e9ments de r\u00e8glement et de facturation, inscription, convention\/contrat de formation, accord de prise en charge financi\u00e8re, parties prenantes \u00e9ventuelles (entreprise, financeur).<\/p>\n\n\n\n<p><strong>Dans quels buts utilise-je ces donn\u00e9es ?<\/strong><\/p>\n\n\n\n<p>En d\u00e9but de relation, il s\u2019agit de pouvoir vous informer sur mes prestations de formations linguistiques du point de vue p\u00e9dagogique, administratif et financier en vous adressant des devis, des programmes, et tout \u00e9l\u00e9ment permettant de former votre jugement sur mes cours afin de d\u00e9cider d\u2019y souscrire ou pas. Dans un but de suivi efficace et afin de vous contacter s&#8217;il y a un emp\u00eachement de contact en visio, votre num\u00e9ro de t\u00e9l\u00e9phone peut \u00eatre stock\u00e9 dans mon t\u00e9l\u00e9phone portable.<\/p>\n\n\n\n<p>Nos \u00e9changes t\u00e9l\u00e9phoniques permettent de qualifier votre projet afin d&#8217;y r\u00e9pondre au mieux.<\/p>\n\n\n\n<p>Une fois votre formation d\u00e9but\u00e9e, les donn\u00e9es recueillies servent \u00e0 assurer le suivi qualitatif, organisationnel et p\u00e9dagogique de vos formations tout en r\u00e9pondant aux obligations l\u00e9gales des financeurs de la formation continue et des administrations. Certaines donn\u00e9es ont d\u2019ailleurs \u00e9t\u00e9 rendues obligatoires dans le cadre de la Loi n\u00b0 2014-288 du 5 mars 2014 relative \u00e0 la formation professionnelle, \u00e0 l&#8217;emploi et \u00e0 la d\u00e9mocratie sociale et du D\u00e9cret n\u00b0 2015-790 du 30 juin 2015 relatif \u00e0 la qualit\u00e9 des actions de la formation professionnelle continue.&nbsp;<\/p>\n\n\n\n<p>Les donn\u00e9es mentionn\u00e9es au chapitre pr\u00e9c\u00e9dent permettent \u00e9galement la facturation de la prestation.&nbsp;<\/p>\n\n\n\n<p><strong>Par qui sont trait\u00e9es les donn\u00e9es?\u00a0<\/strong><\/p>\n\n\n\n<p>Les donn\u00e9es sont trait\u00e9es par moi. Les donn\u00e9es ne sont en aucun cas c\u00e9d\u00e9es \u00e0 des tiers. Le responsable du traitement des donn\u00e9es personnelles est Paul Howard.<\/p>\n\n\n\n<p><strong>Pour quelle dur\u00e9e sont conserv\u00e9es ces donn\u00e9es ?<\/strong><\/p>\n\n\n\n<p>Les donn\u00e9es sont conserv\u00e9es durant le temps n\u00e9cessaire \u00e0 la r\u00e9alisation des actions d\u00e9crites dans les parties pr\u00e9c\u00e9dentes.<\/p>\n\n\n\n<p>Certaines, concernant votre formation, sont soumises \u00e0 des d\u00e9lais de conservation r\u00e9gis par la Loi dans le cadre de la formation continue.<\/p>\n\n\n\n<p><strong>O\u00f9 et comment sont stock\u00e9es les donn\u00e9es ?<\/strong><\/p>\n\n\n\n<p>Elles sont stock\u00e9es dans le cloud de Microsoft sur des serveurs bas\u00e9s en UE. Microsoft est un des principaux h\u00e9bergeurs mondiaux et europ\u00e9ens avec des normes de protection reconnues parmi les plus exigeantes.&nbsp; Votre num\u00e9ro de t\u00e9l\u00e9phone peut \u00eatre stock\u00e9 dans mon t\u00e9l\u00e9phone portable.<\/p>\n\n\n\n<p><strong>Quels sont vos droits ?<\/strong><\/p>\n\n\n\n<p>En vertu du R\u00e8glement G\u00e9n\u00e9ral sur la Protection des Donn\u00e9es applicable au 25 mai 2018, vous disposez d&#8217;un droit d&#8217;acc\u00e8s, de rectification, d\u2019effacement, de portabilit\u00e9 de vos donn\u00e9es personnelles, de choisir d\u2019en limiter l\u2019usage ou de vous opposer \u00e0 leur traitement.<\/p>\n\n\n\n<p>Ces droits peuvent \u00eatre exerc\u00e9s en adressant votre demande par courrier \u00e0 Paul Howard, 4 route de Ch\u00e2teauneuf 16250 Chadurie. Merci d&#8217;indiquer vos nom, pr\u00e9nom, num\u00e9ro de t\u00e9l\u00e9phone et de joindre une copie de votre carte d&#8217;identit\u00e9 permettant de vous identifier, en pr\u00e9cisant quel droit vous souhaitez exercer et sur quelles donn\u00e9es, dans le cadre des obligations l\u00e9gales et contractuelle nous permettant d&#8217;assurer la p\u00e9rennit\u00e9 de mes services \u00e0 votre \u00e9gard.<\/p>\n","protected":false},"excerpt":{"rendered":"<p>D\u00e9finitions Donn\u00e9es \u00e0 caract\u00e8re personnel: Toute information se rapportant \u00e0 une personne physique identifi\u00e9e ou identifiable est r\u00e9put\u00e9e \u00eatre une \u00abpersonne physique identifiable\u00bb une personne physique qui peut \u00eatre identifi\u00e9e, directement ou indirectement, notamment par r\u00e9f\u00e9rence \u00e0 un identifiant, tel qu&#8217;un nom, un num\u00e9ro d&#8217;identification, des donn\u00e9es de localisation, un identifiant en ligne, ou \u00e0 [&hellip;]<\/p>\n","protected":false},"author":1,"featured_media":0,"parent":0,"menu_order":0,"comment_status":"closed","ping_status":"closed","template":"","meta":{"footnotes":""},"class_list":["post-47","page","type-page","status-publish","hentry"],"_links":{"self":[{"href":"https:\/\/englishwithpaulhoward.eu\/index.php\/wp-json\/wp\/v2\/pages\/47","targetHints":{"allow":["GET"]}}],"collection":[{"href":"https:\/\/englishwithpaulhoward.eu\/index.php\/wp-json\/wp\/v2\/pages"}],"about":[{"href":"https:\/\/englishwithpaulhoward.eu\/index.php\/wp-json\/wp\/v2\/types\/page"}],"author":[{"embeddable":true,"href":"https:\/\/englishwithpaulhoward.eu\/index.php\/wp-json\/wp\/v2\/users\/1"}],"replies":[{"embeddable":true,"href":"https:\/\/englishwithpaulhoward.eu\/index.php\/wp-json\/wp\/v2\/comments?post=47"}],"version-history":[{"count":1,"href":"https:\/\/englishwithpaulhoward.eu\/index.php\/wp-json\/wp\/v2\/pages\/47\/revisions"}],"predecessor-version":[{"id":48,"href":"https:\/\/englishwithpaulhoward.eu\/index.php\/wp-json\/wp\/v2\/pages\/47\/revisions\/48"}],"wp:attachment":[{"href":"https:\/\/englishwithpaulhoward.eu\/index.php\/wp-json\/wp\/v2\/media?parent=47"}],"curies":[{"name":"wp","href":"https:\/\/api.w.org\/{rel}","templated":true}]}}